{"id":926,"date":"2019-03-14T17:59:25","date_gmt":"2019-03-14T17:59:25","guid":{"rendered":"https:\/\/caesarluxurytravel.com\/o-que-fazemos\/"},"modified":"2019-03-14T17:59:25","modified_gmt":"2019-03-14T17:59:25","slug":"o-que-fazemos","status":"publish","type":"page","link":"https:\/\/caesarluxurytravel.com\/pt-br\/o-que-fazemos\/","title":{"rendered":"O que fazemos"},"content":{"rendered":"<div class=\"text-center mb-5 pb-5\"><p>Caesar Luxury Travel \u00e9 constituido por dois <strong>experience designers<\/strong> especializados em viagens e acolhimento de luxo.<\/p>\r\n\r\n<p>N\u00e3o somos uma ag\u00eancia e nem um tour operator, somos pessoas reais e pomos o nosso tempo e as nossas compet\u00eancias a disposi\u00e7\u00e3o de quem quer vivir uma <strong>experi\u00eancia de viagem \u00fanica e organizada sob medida<\/strong>.<\/p>\r\n\r\n<p>Cuidar dos detalhes \u00e9 fundamental para n\u00f3s: n\u00e3o temos pressa de fechar a negocia\u00e7\u00e3o, queremos construir a viagem passo a passo, disponibilizando at\u00e9 de semanas para ter certeza da sua satisfa\u00e7\u00e3o 100%.<\/p><\/div>\r\n\r\n<strong>O QUE FAZEMOS?<\/strong>\r\n<p><ul><li>Cuidamos de todos, realmente todos, os aspetos da sua aventura. O nosso trabalho come\u00e7a desde o momento do pouso do seu avi\u00e3o na It\u00e1lia.<\/li>\r\n<li>Lidamos com a log\u00edstica: organizamos transporte r\u00e1pido e confort\u00e1vel para cada sua etapa;<\/li>\r\n<li>Selecionamos o alojamento: individuamos os melhores hot\u00e9is segundo os seus gostos e necessidades;<\/li>\r\n<li>Organizamos todas as suas atividades: gra\u00e7as aos nossos contatos podemos propor wine tours, visitas com guias, shopping tour, aulas de cozinha e de l\u00edngua italiana, passeios de barco, de bal\u00e3o de ar quente ou de helic\u00f3ptero, Ferrari ou Vespa\u2026e muito mais!<\/li>\r\n<li>Damos dicas \u00fatiles para o tempo livre: restaurantes, bares, museus, walking tours;<\/li>\r\n<li>Oferecemos assist\u00eancia telef\u00f3nica 24h.<\/li>\r\n\t \r\n<strong>O QUE NAO FAZEMOS?<\/strong>\r\n<li>N\u00e3o reservamos passagens de avi\u00e3o;<\/li>\r\n<li>N\u00e3o vendemos seguros de viagens.<\/li><\/ul><\/p>","protected":false},"excerpt":{"rendered":"O QUE FAZEMOS?","protected":false},"author":2,"featured_media":488,"parent":0,"menu_order":9,"comment_status":"closed","ping_status":"closed","template":"","meta":{"footnotes":""},"class_list":["post-926","page","type-page","status-publish","has-post-thumbnail","hentry"],"_links":{"self":[{"href":"https:\/\/caesarluxurytravel.com\/pt-br\/wp-json\/wp\/v2\/pages\/926","targetHints":{"allow":["GET"]}}],"collection":[{"href":"https:\/\/caesarluxurytravel.com\/pt-br\/wp-json\/wp\/v2\/pages"}],"about":[{"href":"https:\/\/caesarluxurytravel.com\/pt-br\/wp-json\/wp\/v2\/types\/page"}],"author":[{"embeddable":true,"href":"https:\/\/caesarluxurytravel.com\/pt-br\/wp-json\/wp\/v2\/users\/2"}],"replies":[{"embeddable":true,"href":"https:\/\/caesarluxurytravel.com\/pt-br\/wp-json\/wp\/v2\/comments?post=926"}],"version-history":[{"count":0,"href":"https:\/\/caesarluxurytravel.com\/pt-br\/wp-json\/wp\/v2\/pages\/926\/revisions"}],"wp:featuredmedia":[{"embeddable":true,"href":"https:\/\/caesarluxurytravel.com\/pt-br\/wp-json\/wp\/v2\/media\/488"}],"wp:attachment":[{"href":"https:\/\/caesarluxurytravel.com\/pt-br\/wp-json\/wp\/v2\/media?parent=926"}],"curies":[{"name":"wp","href":"https:\/\/api.w.org\/{rel}","templated":true}]}}