{"id":813,"date":"2019-01-22T09:49:20","date_gmt":"2019-01-22T09:49:20","guid":{"rendered":"https:\/\/caesarluxurytravel.com\/margherita-mascagni\/"},"modified":"2019-01-22T09:49:20","modified_gmt":"2019-01-22T09:49:20","slug":"margherita-mascagni","status":"publish","type":"page","link":"https:\/\/caesarluxurytravel.com\/pt-br\/margherita-mascagni\/","title":{"rendered":"Margherita Mascagni"},"content":{"rendered":"O meu nome \u00e9 Margherita Mascagni e sou um dos dois rostos da Caesar Luxury Travel. Eu nasci em Siena em 1991 e desde sempre tenho uma paix\u00e3o muito forte pelas  l\u00ednguas estrangeiras.  Eu gosto tamb\u00e9m de patina\u00e7\u00e3o artistica, de massa, de antimafia social, de m\u00fasica brasileira e de sangiovese, mas veremos esses mais tarde. Foi a paix\u00e3o pelas  l\u00ednguas estrangeirasque, com a determina\u00e7\u00e3o da adolesc\u00eancia e as d\u00favidas de quem ama a sua pr\u00f3pria terra, me fez deixar minha cidade depois da escola. Em 2010 eu mudei para Trieste, onde eu estudei franc\u00eas, alem\u00e3o, portugu\u00eas e ingl\u00eas na SSLMIT, a Escola de L\u00ednguas para Int\u00e9rpretes e Tradoutores. Esse \u00e9 um lugar que me deu muito de varios pontos de vista: lingu\u00edstico, professional, cultural e caraterial. Eu acho que os encontros sejam fundamentais para definir o nosso caminho e para mim, os encontros feitos em Trieste s\u00e3o entre os mais importantes ao fim de dizer quem eu sou hoje. \r\nEu passei o segundo ano na Alemanha, em Regensburg, onde eu consegui o bacharelato dual italo-alem\u00e3o e fiz um est\u00e1gio no Consulado Geral Italiano em Munique.\r\nEssa experi\u00eancia, junto com o fato de morar em Trieste, uma cidade muito intercultural, me ajudaram a abrir ainda mais os meu horizonte. Por isso, eu acabei com os estudos de l\u00ednguas e fiz um mestrado em Coopera\u00e7\u00e3o Intercultural para o Desenvolvimento, onde eu adquiri compet\u00eancias em projeta\u00e7\u00e3o, direito internacional, economia e log\u00edstica. Foi gra\u00e7as a esses estudos e a minha mudan\u00e7a de mentalidade que eu descobri um amor. N\u00e3o um interesse qualquer, mas uma verdadeira chamada visceral que eu nunca teve antes por um pa\u00eds diferente do meu. Eu conheci o Brasil, em particular Salvador de Bahia, onde eu fiz um est\u00e1gio na escola de uma comunidade. Eu me apaixonei tanto \u00e0 cultura brasileira de n\u00e3o conseguir parar at\u00e9 agora de escutar a musica, ler os livros e comer a comida (por quanto poss\u00edvel na It\u00e0lia!).\r\nEu vivo constantemente com aquela sensa\u00e7\u00e3o, t\u00e3o bem descrita da palavra portugu\u00eas saudade: a vontade implac\u00e1vel de voltar para aquele lugar.\r\n\r\nEu gosto de patina\u00e7\u00e3o artistica: eu a pratiquei por 13 anos e deu uma base solida a parte mais forte de mim.\r\nEu gosto de massa: comida \u00e9 casa e comida na minha casa \u00e9 sobretudo pastasciutta.\r\nEu gosto de antimafia social: eu sou parte desde varios anos de Libera, uma organiza\u00e7\u00e3o italiana contra as mafias e tento cada dia de refleter os seus valores na minha vida.\r\nEu gosto de m\u00fasica brasileira: eu acho que j\u00e1 falei bastante do meu amor pelo Brasil, n\u00e3o quero aborrecer demais o leitor.\r\nEu gosto de sangiovese: eu sou sommelier AIS de III n\u00edvel, eu gosto de vinho e o estou estudando muito. Por enquanto eu paro ao sangiovese, que como a massa, \u00e9 a minha casa.\r\n\r\nNessa descrip\u00e7\u00e3o de mim ainda falta um detalhe. Depois de esse movimento, dessas experi\u00eancias no exterior, eu quero falar sobre um objeto: o el\u00e1stico.\r\nN\u00e3o sou eu que inventei essa met\u00e1fora, mas desde a primeira vez que eu a ouvi, eu me reconheci na hora nessa, como muitas outras pessoas da minha cidade.\r\nImagine que cada pessoa que nasce em Siena tem um el\u00e1stico: tem pessoas que o tem mais longo ou mais curto, mais forte ou mais fino, mas todos n\u00f3s temos uma liga\u00e7\u00e3o t\u00e3o forte com a nossa casa que mesmo que a vida, o frenesim do s\u00e9culo XXI ou a vontade infinita de conhecer o mundo te levem longe por determinados periodos, com certeza vai ter um momento em que o el\u00e1stico te rechamara atr\u00e1s com toda sua for\u00e7a.\r\n\r\nDepois de 6 anos longe de casa, eu voltei para Siena e \u00e9 aqui que por etapas, a hist\u00f3ria de Caesar come\u00e7a. No ver\u00e3o 2016 eu come\u00e7ei a trabalhar no Hotel Palazzetto Rosso, onde eu achei, desde o primeiro dia, uma dimes\u00e3o professional perfeita pelas minhas atitudes. Eu descobri o charme da recep\u00e7\u00e3o hoteleira e de comunicar o amor e o apego pela pr\u00f3pria terra a quem n\u00e3o a conhece.\r\nDe novo, a import\u00e2ncia dos encontros: aqui eu conheci Marco e a ideia de Caesar nasceu.\r\n\r\nCom Caesar queremos unir as nossas compet\u00eancias, interesses e atitudes para divulgar as belezas da Toscana e da It\u00e1lia \u00e1 quem chega de muito longe, especialmente da America do Sul e do Norte, ajudando ele na constru\u00e7\u00e3o de uma viagem sob medida em base \u00e1 sua forma de ser e ajudando-o na pesquisa de hot\u00e9is, passeios e experi\u00eancias.\r\n\r\nA viajem n\u00e3o \u00e9 um simples objeto que se pode comprar, mas \u00e9 uma escolha: \r\nCaesar te ajuda a escolher.","protected":false},"excerpt":{"rendered":"O meu nome \u00e9 Margherita Mascagni e sou um dos dois rostos da Caesar Luxury Travel. Eu nasci em Siena em 1991 e desde sempre tenho uma paix\u00e3o muito forte pelas l\u00ednguas estrangeiras. Eu gosto tamb\u00e9m de patina\u00e7\u00e3o artistica, de massa, de antimafia social, de m\u00fasica brasileira e de sangiovese, mas veremos esses mais tarde&#8230;. <a class=\"view-article\" href=\"https:\/\/caesarluxurytravel.com\/pt-br\/margherita-mascagni\/\">View Article<\/a>","protected":false},"author":2,"featured_media":359,"parent":0,"menu_order":8,"comment_status":"closed","ping_status":"closed","template":"","meta":{"footnotes":""},"class_list":["post-813","page","type-page","status-publish","has-post-thumbnail","hentry"],"_links":{"self":[{"href":"https:\/\/caesarluxurytravel.com\/pt-br\/wp-json\/wp\/v2\/pages\/813","targetHints":{"allow":["GET"]}}],"collection":[{"href":"https:\/\/caesarluxurytravel.com\/pt-br\/wp-json\/wp\/v2\/pages"}],"about":[{"href":"https:\/\/caesarluxurytravel.com\/pt-br\/wp-json\/wp\/v2\/types\/page"}],"author":[{"embeddable":true,"href":"https:\/\/caesarluxurytravel.com\/pt-br\/wp-json\/wp\/v2\/users\/2"}],"replies":[{"embeddable":true,"href":"https:\/\/caesarluxurytravel.com\/pt-br\/wp-json\/wp\/v2\/comments?post=813"}],"version-history":[{"count":0,"href":"https:\/\/caesarluxurytravel.com\/pt-br\/wp-json\/wp\/v2\/pages\/813\/revisions"}],"wp:featuredmedia":[{"embeddable":true,"href":"https:\/\/caesarluxurytravel.com\/pt-br\/wp-json\/wp\/v2\/media\/359"}],"wp:attachment":[{"href":"https:\/\/caesarluxurytravel.com\/pt-br\/wp-json\/wp\/v2\/media?parent=813"}],"curies":[{"name":"wp","href":"https:\/\/api.w.org\/{rel}","templated":true}]}}