{"id":808,"date":"2019-01-22T09:46:34","date_gmt":"2019-01-22T09:46:34","guid":{"rendered":"https:\/\/caesarluxurytravel.com\/marco-gaglia\/"},"modified":"2019-01-22T09:46:34","modified_gmt":"2019-01-22T09:46:34","slug":"marco-gaglia","status":"publish","type":"page","link":"https:\/\/caesarluxurytravel.com\/pt-br\/marco-gaglia\/","title":{"rendered":"Marco Gaglia"},"content":{"rendered":"Eu sou Marco Gaglia e sou um dos dois criadores da Caesar Luxury Travel.\r\nEu tenho 32 anos e desde quando era crian\u00e7a a minha alma sempre foi fortemente incluenciada por duas tend\u00eancias em contrasto, pelo menos na apar\u00eancia. De um lado, o amor visceral pela minha cidade, Siena, onde ra\u00edzes profundas, tradi\u00e7\u00f5es muito antigas e liga\u00e7\u00f5es indissol\u00faveis marcam o ritmo da vida; do outro lado uma vontade incontrol\u00e1vel de conhecer o mundo,ver outros lugares, se-confrontar com usos e costumes diferentes.\r\nEu nunca acreditei que uma condi\u00e7\u00e3o tivesse que excluir a outra e sobre isso basei a minha forma\u00e7\u00e3o: eu estudei em Siena, na escola e na faculdade de media\u00e7\u00e3o lingu\u00edstica e cultural e no exterior, na Inglaterra antes e na Espanha depois, eu vivi longas experi\u00eancias de trabalho e estudo que, com certeza, enriqueceram a minha personalidade e me abriram a mente e o cora\u00e7\u00e3o.\r\nAs primeiras experi\u00eancias de trabalho que eu teve remontam ao tempo da faculdade, quando eu trabalhava como assistente tur\u00edstico no museu do Duomo de Siena. Depois, eu trabalhei na empresa artesanal da minha fam\u00edlia (um pouco de esfor\u00e7o f\u00edsico n\u00e3o pode que ser bom!), mas \u00e9 gra\u00e7as ao Hotel Palazzetto Rosso, onde eu trabalho desde 2014, que eu come\u00e7ei concretamente a trabalhar com o que mais me interessa. Recep\u00e7\u00e3o, organiza\u00e7\u00e3o de tour e eventos, rela\u00e7\u00e3o direta com o hospede. Em fim, turismo em geral.\r\nEu tenho v\u00e1rios interesses e paix\u00f5es: esporte, comida, amigos, vida de contrada, vinho, natureza, mas o amor mais profundo \u00e9 o amor pela viagem. Com essa palavra n\u00e3o me refiro s\u00f3 aos dias de f\u00e9rias: a viagem come\u00e7a desde o primerio momento que a ideia nasce na cabe\u00e7a. Se come\u00e7a com a planifica\u00e7\u00e3o, estudando o itiner\u00e1rio, a cultura e a hist\u00f3ria do lugar, continuando tamb\u00e9m depois de voltar para casa, olhando as fotos, vivindo as lembran\u00e7as e ficando em contato com as pessoas encontradas no caminho. Eu gosto de va\u00e1rios tipos de viagem e experi\u00eancias, mas nos \u00faltimos tempos, a que mais me entusiasma \u00e9 a de mochileiro, vivindo aventuras. Desse jeito, eu j\u00e1 fiz maravilhosas experi\u00eancias em Cuba, Andaluz\u00eda, Sardinia, Balc\u00e3s, Sic\u00edlia e Colombia.\r\nFoi desses princ\u00edpios que a ideia de Caesar Luxury Travel nasceu: convertir paix\u00f5es, compet\u00eancias e experi\u00eancias em um trabalho verdadeiro. Assim decidimos de recorrer \u00e1 clientela que mais conhecemos, da Am\u00e9rica do Sul e do Norte, com a inten\u00e7\u00e3o de mostrar-lhe a nossa maravilhosa It\u00e1lia. O nosso lema \u00e9 \u201clow turism\u201d: queremos organizar cada detalhe da viagem sob medida, segundo a personalidade do cliente. Somos pessoas reais e queremos transmitir emo\u00e7\u00f5es reais.","protected":false},"excerpt":{"rendered":"Eu sou Marco Gaglia e sou um dos dois criadores da Caesar Luxury Travel. Eu tenho 32 anos e desde quando era crian\u00e7a a minha alma sempre foi fortemente incluenciada por duas tend\u00eancias em contrasto, pelo menos na apar\u00eancia. De um lado, o amor visceral pela minha cidade, Siena, onde ra\u00edzes profundas, tradi\u00e7\u00f5es muito antigas&#8230; <a class=\"view-article\" href=\"https:\/\/caesarluxurytravel.com\/pt-br\/marco-gaglia\/\">View Article<\/a>","protected":false},"author":2,"featured_media":359,"parent":0,"menu_order":7,"comment_status":"closed","ping_status":"closed","template":"","meta":{"footnotes":""},"class_list":["post-808","page","type-page","status-publish","has-post-thumbnail","hentry"],"_links":{"self":[{"href":"https:\/\/caesarluxurytravel.com\/pt-br\/wp-json\/wp\/v2\/pages\/808","targetHints":{"allow":["GET"]}}],"collection":[{"href":"https:\/\/caesarluxurytravel.com\/pt-br\/wp-json\/wp\/v2\/pages"}],"about":[{"href":"https:\/\/caesarluxurytravel.com\/pt-br\/wp-json\/wp\/v2\/types\/page"}],"author":[{"embeddable":true,"href":"https:\/\/caesarluxurytravel.com\/pt-br\/wp-json\/wp\/v2\/users\/2"}],"replies":[{"embeddable":true,"href":"https:\/\/caesarluxurytravel.com\/pt-br\/wp-json\/wp\/v2\/comments?post=808"}],"version-history":[{"count":0,"href":"https:\/\/caesarluxurytravel.com\/pt-br\/wp-json\/wp\/v2\/pages\/808\/revisions"}],"wp:featuredmedia":[{"embeddable":true,"href":"https:\/\/caesarluxurytravel.com\/pt-br\/wp-json\/wp\/v2\/media\/359"}],"wp:attachment":[{"href":"https:\/\/caesarluxurytravel.com\/pt-br\/wp-json\/wp\/v2\/media?parent=808"}],"curies":[{"name":"wp","href":"https:\/\/api.w.org\/{rel}","templated":true}]}}