{"id":355,"date":"2018-07-24T22:32:19","date_gmt":"2018-07-24T22:32:19","guid":{"rendered":"https:\/\/caesarluxurytravel.com\/quem-somos\/"},"modified":"2019-01-22T09:57:30","modified_gmt":"2019-01-22T09:57:30","slug":"quem-somos","status":"publish","type":"page","link":"https:\/\/caesarluxurytravel.com\/pt-br\/quem-somos\/","title":{"rendered":"Quem Somos"},"content":{"rendered":"<p>A Caesar Luxury Travel nasce da ideia de dois jovens da cidade de Siena, na Toscana \u2013 <a href=\"https:\/\/caesarluxurytravel.com\/pt-br\/marco-gaglia\/\" style=\"color:#8F423C;\">Marco<\/a> e <a href=\"https:\/\/caesarluxurytravel.com\/pt-br\/margherita-mascagni\/\" style=\"color:#8F423C;\">Margherita<\/a> \u2013 expertos do setor de recep\u00e7\u00e3o e de viagens de alto n\u00edvel. Eles s\u00e3o formados em l\u00ednguas, fizeram experi\u00eancias de vida no exterior e t\u00eam anos de experi\u00eancia na hotelaria.<\/p>\r\n\r\n<p>A enorme paix\u00e3o pela ideia de viagem \u2013 uma viagem que seja crescimento cultural e pessoal \u2013 junto com o amor infinito pela Toscana. A vontade de transmitir e compartilhar perfumes, sabores, paisagens e belezas \u00fanicas: aqui nasce a inspira\u00e7\u00e3o deles.<\/p>\r\n\r\n<p>Uma regi\u00e3o conhecida e apreciada no mundo inteiro que a Caesar Luxury Travel prop\u00f5e aos seus clientes, exaltando a ess\u00eancia verdadeira do territ\u00f3rio e mostrando os lados mais exclusivos.<\/p>\r\n\r\n<p><img decoding=\"async\" src=\"https:\/\/caesarluxurytravel.com\/wp-content\/uploads\/Marco_Margherita_Chi_Siamo.jpg\" alt=\"\" class=\"img-fluid\" \/><\/p>\r\n\r\n<p>Isso e muito mais! A Toscana, por quanto maravilhosa, n\u00e3o \u00e9 nada mais que uma pedra preciosa dentro de um cofre cheio de joyas: a It\u00e1lia. Roma, Veneza, Mil\u00e3o, Napoles, Turim, Palermo, Cinque Terre, Costa Amalfitana, as ilhas, as Dolomitas, os parques nacionais.<\/p>\r\n\r\n<p>Um Grand Tour exclusivo e emocionante. A Caesar Luxury Travel est\u00e1 pronta para satisfazer os seus desejos. Algo diferente do turismo de massa: n\u00e3o vendemos pacotes, n\u00e3o seguimos caminhos convencionais. Creamos experi\u00eancias, tra\u00e7amos roteiros para que voc\u00ea aproveite cada detalhe e viva cada momento.<\/p>","protected":false},"excerpt":{"rendered":"","protected":false},"author":2,"featured_media":359,"parent":0,"menu_order":6,"comment_status":"closed","ping_status":"closed","template":"","meta":{"footnotes":""},"class_list":["post-355","page","type-page","status-publish","has-post-thumbnail","hentry"],"_links":{"self":[{"href":"https:\/\/caesarluxurytravel.com\/pt-br\/wp-json\/wp\/v2\/pages\/355","targetHints":{"allow":["GET"]}}],"collection":[{"href":"https:\/\/caesarluxurytravel.com\/pt-br\/wp-json\/wp\/v2\/pages"}],"about":[{"href":"https:\/\/caesarluxurytravel.com\/pt-br\/wp-json\/wp\/v2\/types\/page"}],"author":[{"embeddable":true,"href":"https:\/\/caesarluxurytravel.com\/pt-br\/wp-json\/wp\/v2\/users\/2"}],"replies":[{"embeddable":true,"href":"https:\/\/caesarluxurytravel.com\/pt-br\/wp-json\/wp\/v2\/comments?post=355"}],"version-history":[{"count":7,"href":"https:\/\/caesarluxurytravel.com\/pt-br\/wp-json\/wp\/v2\/pages\/355\/revisions"}],"predecessor-version":[{"id":820,"href":"https:\/\/caesarluxurytravel.com\/pt-br\/wp-json\/wp\/v2\/pages\/355\/revisions\/820"}],"wp:featuredmedia":[{"embeddable":true,"href":"https:\/\/caesarluxurytravel.com\/pt-br\/wp-json\/wp\/v2\/media\/359"}],"wp:attachment":[{"href":"https:\/\/caesarluxurytravel.com\/pt-br\/wp-json\/wp\/v2\/media?parent=355"}],"curies":[{"name":"wp","href":"https:\/\/api.w.org\/{rel}","templated":true}]}}