{"id":886,"date":"2019-03-07T15:13:57","date_gmt":"2019-03-07T15:13:57","guid":{"rendered":"https:\/\/caesarluxurytravel.com\/que-hacemos\/"},"modified":"2019-03-14T17:59:54","modified_gmt":"2019-03-14T17:59:54","slug":"que-hacemos","status":"publish","type":"page","link":"https:\/\/caesarluxurytravel.com\/es\/que-hacemos\/","title":{"rendered":"\u00bfQu\u00e9 hacemos?"},"content":{"rendered":"<div class=\"text-center mb-5 pb-5\"><p>Caesar Luxury Travel est\u00e1 compuesto por dos\u00a0<strong>experience\u00a0designers<\/strong> especializados en el mundo de los viajes y de la hospitalidad de alto nivel.<\/p>\r\n\r\n<p>No somos una agencia ni un operador tur\u00edstico, somos personas reales y ponemos nuestras habilidades y nuestro tiempo a disposici\u00f3n de los que desean vivir una experiencia de viaje \u00fanica y personalizada.<\/p>\r\n\r\n<p>La atenci\u00f3n al detalle es esencial para nosotros: no tenemos prisa por cerrar un trato, queremos construir el viaje paso a paso, incluso tomando semanas para decidir cada aspecto y asegurarnos de que est\u00e9 100% satisfecho.<\/p><\/div>\r\n\r\n\r\n<b>\u00bfQU\u00c9 HACEMOS?<\/b>\r\n\r\n<p><ul><li>Cuidamos todos los aspectos de su aventura. Nuestro trabajo comienza desde el momento en que aterrizas en Italia.<\/li>\r\n<li>Gestionamos la log\u00edstica: planificamos un transporte r\u00e1pido y c\u00f3modo para cada movimiento;<\/li>\r\n<li>Reservamos los alojamientos: seleccionamos los mejores hoteles, resorts y agroturismos seg\u00fan sus deseos;<\/li>\r\n<li>Organizamos todas sus actividades: gracias a nuestros conocimientos y relacciones, podemos proponerle miles de rutas de vinos, visitas guiadas, dias de compras con asistente personal, clases de idioma italiano, clases de cocina, excursiones en barco, experiencias con Vespa y Ferrari, paseos en helic\u00f3ptero y globo y mucho m\u00e1s;<\/li>\r\n<li>Le damos consejos \u00fatiles para su tiempo libre: restaurantes, clubes, museos, recorridos a pie, h\u00e1bitos locales;<\/li>\r\n<li>Ofrecemos servicio de asistencia telefonica \u00e0 las 24 horas.<\/li><\/ul><\/p>\r\n\r\n\r\n<b>\u00bfQU\u00c9 NO HACEMOS?<\/b>\u00a0\u00a0\r\n\r\n<p><ul><li>No reservamos vuelos;<\/li>\r\n<li>No vendemos seguros de viaje.<\/li><\/ul><\/p>","protected":false},"excerpt":{"rendered":"\u00bfQU\u00c9 HACEMOS? \u00bfQU\u00c9 NO HACEMOS?\u00a0\u00a0","protected":false},"author":2,"featured_media":489,"parent":0,"menu_order":9,"comment_status":"closed","ping_status":"closed","template":"","meta":{"footnotes":""},"class_list":["post-886","page","type-page","status-publish","has-post-thumbnail","hentry"],"_links":{"self":[{"href":"https:\/\/caesarluxurytravel.com\/es\/wp-json\/wp\/v2\/pages\/886","targetHints":{"allow":["GET"]}}],"collection":[{"href":"https:\/\/caesarluxurytravel.com\/es\/wp-json\/wp\/v2\/pages"}],"about":[{"href":"https:\/\/caesarluxurytravel.com\/es\/wp-json\/wp\/v2\/types\/page"}],"author":[{"embeddable":true,"href":"https:\/\/caesarluxurytravel.com\/es\/wp-json\/wp\/v2\/users\/2"}],"replies":[{"embeddable":true,"href":"https:\/\/caesarluxurytravel.com\/es\/wp-json\/wp\/v2\/comments?post=886"}],"version-history":[{"count":1,"href":"https:\/\/caesarluxurytravel.com\/es\/wp-json\/wp\/v2\/pages\/886\/revisions"}],"predecessor-version":[{"id":887,"href":"https:\/\/caesarluxurytravel.com\/es\/wp-json\/wp\/v2\/pages\/886\/revisions\/887"}],"wp:featuredmedia":[{"embeddable":true,"href":"https:\/\/caesarluxurytravel.com\/es\/wp-json\/wp\/v2\/media\/489"}],"wp:attachment":[{"href":"https:\/\/caesarluxurytravel.com\/es\/wp-json\/wp\/v2\/media?parent=886"}],"curies":[{"name":"wp","href":"https:\/\/api.w.org\/{rel}","templated":true}]}}