{"id":807,"date":"2019-01-22T09:45:49","date_gmt":"2019-01-22T09:45:49","guid":{"rendered":"https:\/\/caesarluxurytravel.com\/marco-gaglia\/"},"modified":"2019-01-22T09:45:49","modified_gmt":"2019-01-22T09:45:49","slug":"marco-gaglia","status":"publish","type":"page","link":"https:\/\/caesarluxurytravel.com\/es\/marco-gaglia\/","title":{"rendered":"Marco Gaglia"},"content":{"rendered":"Hola a todos, mme llamo es Marco Gaglia y soy uno de los creadores de Caesar Luxury Travel.\r\nTengo 32 a\u00f1os y desde mi infancia mi esp\u00edritu ha sido fuertemente impulsado por dos fuerzas en contraste, al menos en apariencia. Por un lado el amor visceral por mi ciudad, Siena, donde ra\u00edces profundas, tradiciones antiguas y v\u00ednculos indisolubles marcan el ciclo de la vida. Por el otro un deseo incontrolable de conocer el mundo, ver otros lugares y familiarizarse con diferentes usos y costumbres. Nunca cre\u00ed que una deber\u00eda excluir la otra, y es precisamente sobre esto que bas\u00e9 mi formaci\u00f3n: en Siena obtuve las calificaciones acad\u00e9micas, el bachillerato y el grado en mediaci\u00f3n ling\u00fc\u00edstica y cultural. En el extranjero, en Inglaterra primero y en Espa\u00f1a despues, he vivido largas experiencias de trabajo y estudio que sin duda me han enriquecido como persona y que han abierto mi mente y mi coraz\u00f3n.\r\nLa primera experiencia laboral se remonta a los a\u00f1os universitarios, cuando era una gu\u00eda en el complejo de museos del Duomo de Siena. Luego trabaj\u00e9 en la empresa artesanal de familia (un peque\u00f1o de esfuerzo desde el punto de vista f\u00edsico solo puede hacer bien), pero es gracias al hotel Palazzetto Rosso, donde trabajo desde 2014, que comenc\u00e9 a dedicarme a lo que m\u00e1s me atrae: Recepci\u00f3n, organizaci\u00f3n de tours y eventos, relaci\u00f3n directa con el hu\u00e9sped. El turismo, simplemente. \r\nTengo muchos intereses y pasiones: el deporte, la comida, los amigos, la vida de Contrada, el vino, la naturaleza. De todas formas el amor m\u00e1s grande es, sin duda, el por el viaje. Con esta palabra no me refiero solo a los d\u00edas en que realmente estamos de vacaciones y se viven ciertas experiencias. El viaje comienza desde el primer momento en que la idea se ilumina en la cabeza. Se inicia la planificaci\u00f3n, se estudia el itinerario, nos sumergimos en la cultura y en la historia del lugar elegido. Luego contin\u00faa, incluso cuando ya hemos regresado a la base, cuando se miran las fotos, se viven recuerdos y nos mantenemos en contacto con las personas encontradas a lo largo del viaje. Hay muchos tipos y experiencias de viajes que me apasionan, pero en los \u00faltimos tiempos el que m\u00e1s me ha interesado es la mochilera, a toda aventura. Asi he vivido maravillosas experiencias en Cuba, Andaluc\u00eda, Cerde\u00f1a, Balcanes, Sicilia y Colombia.\r\nEs a partir de estos principios que nace la idea de Caesar Luxury Travel: traducir pasiones, habilidades y experiencias de vida en un trabajo real.  Decidimos entonces  referirnos a los clientes que mejor conocemos, los de Norte y Sur Am\u00e9rica, con la intenci\u00f3n de que conozcan nuestra maravillosa Italia. Nuestro lema es slow tourism, queremos adaptar cada detalle del viaje, personalizando cada aspecto. Somos personas reales y queremos transmitir emociones reales.","protected":false},"excerpt":{"rendered":"Hola a todos, mme llamo es Marco Gaglia y soy uno de los creadores de Caesar Luxury Travel. Tengo 32 a\u00f1os y desde mi infancia mi esp\u00edritu ha sido fuertemente impulsado por dos fuerzas en contraste, al menos en apariencia. Por un lado el amor visceral por mi ciudad, Siena, donde ra\u00edces profundas, tradiciones antiguas&#8230; <a class=\"view-article\" href=\"https:\/\/caesarluxurytravel.com\/es\/marco-gaglia\/\">View Article<\/a>","protected":false},"author":2,"featured_media":323,"parent":0,"menu_order":7,"comment_status":"closed","ping_status":"closed","template":"","meta":{"footnotes":""},"class_list":["post-807","page","type-page","status-publish","has-post-thumbnail","hentry"],"_links":{"self":[{"href":"https:\/\/caesarluxurytravel.com\/es\/wp-json\/wp\/v2\/pages\/807","targetHints":{"allow":["GET"]}}],"collection":[{"href":"https:\/\/caesarluxurytravel.com\/es\/wp-json\/wp\/v2\/pages"}],"about":[{"href":"https:\/\/caesarluxurytravel.com\/es\/wp-json\/wp\/v2\/types\/page"}],"author":[{"embeddable":true,"href":"https:\/\/caesarluxurytravel.com\/es\/wp-json\/wp\/v2\/users\/2"}],"replies":[{"embeddable":true,"href":"https:\/\/caesarluxurytravel.com\/es\/wp-json\/wp\/v2\/comments?post=807"}],"version-history":[{"count":0,"href":"https:\/\/caesarluxurytravel.com\/es\/wp-json\/wp\/v2\/pages\/807\/revisions"}],"wp:featuredmedia":[{"embeddable":true,"href":"https:\/\/caesarluxurytravel.com\/es\/wp-json\/wp\/v2\/media\/323"}],"wp:attachment":[{"href":"https:\/\/caesarluxurytravel.com\/es\/wp-json\/wp\/v2\/media?parent=807"}],"curies":[{"name":"wp","href":"https:\/\/api.w.org\/{rel}","templated":true}]}}