{"id":319,"date":"2018-10-01T07:52:30","date_gmt":"2018-10-01T07:52:30","guid":{"rendered":"https:\/\/caesarluxurytravel.com\/quien-somos\/"},"modified":"2019-01-22T09:57:48","modified_gmt":"2019-01-22T09:57:48","slug":"quienes-somos","status":"publish","type":"page","link":"https:\/\/caesarluxurytravel.com\/es\/quienes-somos\/","title":{"rendered":"Quienes somos"},"content":{"rendered":"<p>Caesar Luxury Travel nace de la idea de dos chicos de Siena, <a href=\"https:\/\/caesarluxurytravel.com\/es\/marco-gaglia\/\" style=\"color:#8F423C;\">Marco<\/a> y <a href=\"https:\/\/caesarluxurytravel.com\/es\/margherita-mascagni\/\" style=\"color:#8F423C;\">Margherita<\/a>, expertos en el sector de la acogida y de los viajes de alto perfil. Su formaci\u00f3n es constituida por estudios ling\u00fc\u00edsticos, experiencias de vida en el extranjero y formaci\u00f3n laboral en el sector hostelero.<\/p>\r\n\r\n<p>La pasi\u00f3n irresistible por el viaje, entendido como enriquecimiento cultural e introspectivo, unida al amor ilimitado por su tierra, la Toscana, el querer transmitir y compartir sus perfumes, sabores, paisajes impresionantes y ciudades \u00fanicas, es lo que ha inspirado este trabajo.<\/p>\r\n\r\n<p>Una regi\u00f3n conocida y apreciada en todo el mundo, que Caesar Luxury Travel propone a sus clientes queriendo exaltar la verdadera esencia, gozando de los rasgos m\u00e1s exclusivos y de nicho.<\/p>\r\n\r\n<p><img decoding=\"async\" src=\"https:\/\/caesarluxurytravel.com\/wp-content\/uploads\/Marco_Margherita_Chi_Siamo.jpg\" alt=\"\" class=\"img-fluid\" \/><\/p>\r\n\r\n<p>Toscana, por cuanto maravillosa, no es que una gema en un cofre lleno de piedras preciosas, Italia. Roma, Venecia, Mil\u00e1n, N\u00e1poles, Tur\u00edn, Palermo, las Cinque Terre, la Costa Amalfitana, las islas, las Dolomitas, los parques nacionales.<\/p>\r\n\r\n<p>Todo esto y mucho m\u00e1s, por un Grand Tour rico y emocionante. Caesar Luxury Travel est\u00e1 preparado para satisfacer cada deseo de sus clientes. No se trata de turismo de masa, no se venden paquetes, no se siguen las rutas convencionales. Se crean experiencias, se trazan recorridos para no perder ni un detalle y vivir cada instante.<\/p>\r\n","protected":false},"excerpt":{"rendered":"","protected":false},"author":2,"featured_media":323,"parent":0,"menu_order":6,"comment_status":"closed","ping_status":"closed","template":"","meta":{"footnotes":""},"class_list":["post-319","page","type-page","status-publish","has-post-thumbnail","hentry"],"_links":{"self":[{"href":"https:\/\/caesarluxurytravel.com\/es\/wp-json\/wp\/v2\/pages\/319","targetHints":{"allow":["GET"]}}],"collection":[{"href":"https:\/\/caesarluxurytravel.com\/es\/wp-json\/wp\/v2\/pages"}],"about":[{"href":"https:\/\/caesarluxurytravel.com\/es\/wp-json\/wp\/v2\/types\/page"}],"author":[{"embeddable":true,"href":"https:\/\/caesarluxurytravel.com\/es\/wp-json\/wp\/v2\/users\/2"}],"replies":[{"embeddable":true,"href":"https:\/\/caesarluxurytravel.com\/es\/wp-json\/wp\/v2\/comments?post=319"}],"version-history":[{"count":5,"href":"https:\/\/caesarluxurytravel.com\/es\/wp-json\/wp\/v2\/pages\/319\/revisions"}],"predecessor-version":[{"id":821,"href":"https:\/\/caesarluxurytravel.com\/es\/wp-json\/wp\/v2\/pages\/319\/revisions\/821"}],"wp:featuredmedia":[{"embeddable":true,"href":"https:\/\/caesarluxurytravel.com\/es\/wp-json\/wp\/v2\/media\/323"}],"wp:attachment":[{"href":"https:\/\/caesarluxurytravel.com\/es\/wp-json\/wp\/v2\/media?parent=319"}],"curies":[{"name":"wp","href":"https:\/\/api.w.org\/{rel}","templated":true}]}}